{"id":1141,"date":"2025-03-17T16:01:58","date_gmt":"2025-03-17T16:01:58","guid":{"rendered":"https:\/\/commongroundnetwork.ca\/prochaine-bouchees\/"},"modified":"2025-03-17T18:54:44","modified_gmt":"2025-03-17T18:54:44","slug":"prochaine-bouchees","status":"publish","type":"page","link":"https:\/\/commongroundnetwork.ca\/fr\/prochaine-bouchees\/","title":{"rendered":"Prochaine bouch\u00e9es"},"content":{"rendered":"\t\t<div data-elementor-type=\"wp-page\" data-elementor-id=\"1141\" class=\"elementor elementor-1141 elementor-1059\" data-elementor-post-type=\"page\">\n\t\t\t\t<div class=\"elementor-element elementor-element-975299c e-flex e-con-boxed e-con e-parent\" data-id=\"975299c\" data-element_type=\"container\" data-e-type=\"container\">\n\t\t\t\t\t<div class=\"e-con-inner\">\n\t\t\t\t<div class=\"elementor-element elementor-element-f1524b3 elementor-grid-3 elementor-grid-tablet-2 elementor-grid-mobile-1 elementor-posts--thumbnail-top elementor-card-shadow-yes elementor-posts__hover-gradient elementor-widget elementor-widget-posts\" data-id=\"f1524b3\" data-element_type=\"widget\" data-e-type=\"widget\" data-settings=\"{&quot;cards_columns&quot;:&quot;3&quot;,&quot;cards_columns_tablet&quot;:&quot;2&quot;,&quot;cards_columns_mobile&quot;:&quot;1&quot;,&quot;cards_row_gap&quot;:{&quot;unit&quot;:&quot;px&quot;,&quot;size&quot;:35,&quot;sizes&quot;:[]},&quot;cards_row_gap_tablet&quot;:{&quot;unit&quot;:&quot;px&quot;,&quot;size&quot;:&quot;&quot;,&quot;sizes&quot;:[]},&quot;cards_row_gap_mobile&quot;:{&quot;unit&quot;:&quot;px&quot;,&quot;size&quot;:&quot;&quot;,&quot;sizes&quot;:[]}}\" data-widget_type=\"posts.cards\">\n\t\t\t\t<div class=\"elementor-widget-container\">\n\t\t\t\t\t\t\t<div class=\"elementor-posts-container elementor-posts elementor-posts--skin-cards elementor-grid\" role=\"list\">\n\t\t\t\t<article class=\"elementor-post elementor-grid-item post-1446 post type-post status-publish format-standard hentry category-non-classifiee\" role=\"listitem\">\n\t\t\t<div class=\"elementor-post__card\">\n\t\t\t\t<div class=\"elementor-post__text\">\n\t\t\t\t<h3 class=\"elementor-post__title\">\n\t\t\t<a href=\"https:\/\/commongroundnetwork.ca\/fr\/2026\/04\/22\/forum-alimentaire-terrain-dentente\/\" >\n\t\t\t\tForum alimentaire Terrain d&rsquo;entente\t\t\t<\/a>\n\t\t<\/h3>\n\t\t\t\t<div class=\"elementor-post__excerpt\">\n\t\t\t<p>15 \u2013 18 juin 2026 Orillia, ON Le Forum alimentaire Terrain d\u2019entente est un projet cl\u00e9 du R\u00e9seau terrain d\u2019entente. L\u2019alimentation est intrins\u00e8quement sociale, impliquant<\/p>\n\t\t<\/div>\n\t\t\n\t\t<a class=\"elementor-post__read-more\" href=\"https:\/\/commongroundnetwork.ca\/fr\/2026\/04\/22\/forum-alimentaire-terrain-dentente\/\" aria-label=\"En savoir plus sur Forum alimentaire Terrain d&rsquo;entente\" tabindex=\"-1\" >\n\t\t\tLire la suite \"\t\t<\/a>\n\n\t\t\t\t<\/div>\n\t\t\t\t<div class=\"elementor-post__meta-data\">\n\t\t\t\t\t<span class=\"elementor-post-date\">\n\t\t\t22 avril 2026\t\t<\/span>\n\t\t\t\t<span class=\"elementor-post-avatar\">\n\t\t\tAucun commentaire\t\t<\/span>\n\t\t\t\t<\/div>\n\t\t\t\t\t<\/div>\n\t\t<\/article>\n\t\t\t\t<article class=\"elementor-post elementor-grid-item post-1429 post type-post status-publish format-standard hentry category-non-classifiee\" role=\"listitem\">\n\t\t\t<div class=\"elementor-post__card\">\n\t\t\t\t<div class=\"elementor-post__text\">\n\t\t\t\t<h3 class=\"elementor-post__title\">\n\t\t\t<a href=\"https:\/\/commongroundnetwork.ca\/fr\/2026\/03\/06\/roundtable-critical-perspectives-on-net-zero-and-beyond-net-zero-in-canadian-agriculture-and-food-systems\/\" >\n\t\t\t\tRoundtable: Critical Perspectives on Net Zero and \u2018Beyond Net Zero\u2019 in Canadian Agriculture and Food Systems\t\t\t<\/a>\n\t\t<\/h3>\n\t\t\t\t<div class=\"elementor-post__excerpt\">\n\t\t\t<p>Les membres du r\u00e9seau Terrain d\u2019entente se sont r\u00e9unis \u00e0 l\u2019AC\u00c9A pour une table ronde sur le th\u00e8me \u00ab Perspectives critiques sur la neutralit\u00e9 carbone<\/p>\n\t\t<\/div>\n\t\t\n\t\t<a class=\"elementor-post__read-more\" href=\"https:\/\/commongroundnetwork.ca\/fr\/2026\/03\/06\/roundtable-critical-perspectives-on-net-zero-and-beyond-net-zero-in-canadian-agriculture-and-food-systems\/\" aria-label=\"En savoir plus sur Roundtable: Critical Perspectives on Net Zero and \u2018Beyond Net Zero\u2019 in Canadian Agriculture and Food Systems\" tabindex=\"-1\" >\n\t\t\tLire la suite \"\t\t<\/a>\n\n\t\t\t\t<\/div>\n\t\t\t\t<div class=\"elementor-post__meta-data\">\n\t\t\t\t\t<span class=\"elementor-post-date\">\n\t\t\t6 mars 2026\t\t<\/span>\n\t\t\t\t<span class=\"elementor-post-avatar\">\n\t\t\tAucun commentaire\t\t<\/span>\n\t\t\t\t<\/div>\n\t\t\t\t\t<\/div>\n\t\t<\/article>\n\t\t\t\t<article class=\"elementor-post elementor-grid-item post-1417 post type-post status-publish format-standard hentry category-non-classifiee\" role=\"listitem\">\n\t\t\t<div class=\"elementor-post__card\">\n\t\t\t\t<div class=\"elementor-post__text\">\n\t\t\t\t<h3 class=\"elementor-post__title\">\n\t\t\t<a href=\"https:\/\/commongroundnetwork.ca\/fr\/2026\/03\/06\/webinaire-dune-transition-juste-dans-lagriculture-et-les-systemes-alimentaires\/\" >\n\t\t\t\tWebinaire : D\u2019une transition juste dans l\u2019agriculture et les syst\u00e8mes alimentaires\t\t\t<\/a>\n\t\t<\/h3>\n\t\t\t\t<div class=\"elementor-post__excerpt\">\n\t\t\t<p>Discuter d\u2019une transition juste dans l\u2019agriculture et les syst\u00e8mes alimentaires Une transition juste vers la carboneutralit\u00e9 doit \u00eatre \u00e9quitable, inclusive et aller \u00ab\u2009au-del\u00e0 du carboneutre\u2009\u00bb<\/p>\n\t\t<\/div>\n\t\t\n\t\t<a class=\"elementor-post__read-more\" href=\"https:\/\/commongroundnetwork.ca\/fr\/2026\/03\/06\/webinaire-dune-transition-juste-dans-lagriculture-et-les-systemes-alimentaires\/\" aria-label=\"En savoir plus sur Webinaire : D\u2019une transition juste dans l\u2019agriculture et les syst\u00e8mes alimentaires\" tabindex=\"-1\" >\n\t\t\tLire la suite \"\t\t<\/a>\n\n\t\t\t\t<\/div>\n\t\t\t\t<div class=\"elementor-post__meta-data\">\n\t\t\t\t\t<span class=\"elementor-post-date\">\n\t\t\t6 mars 2026\t\t<\/span>\n\t\t\t\t<span class=\"elementor-post-avatar\">\n\t\t\tAucun commentaire\t\t<\/span>\n\t\t\t\t<\/div>\n\t\t\t\t\t<\/div>\n\t\t<\/article>\n\t\t\t\t<article class=\"elementor-post elementor-grid-item post-1407 post type-post status-publish format-standard hentry category-non-classifiee\" role=\"listitem\">\n\t\t\t<div class=\"elementor-post__card\">\n\t\t\t\t<div class=\"elementor-post__text\">\n\t\t\t\t<h3 class=\"elementor-post__title\">\n\t\t\t<a href=\"https:\/\/commongroundnetwork.ca\/fr\/2026\/03\/06\/webinaire-systemes-alimentaires-territoriaux\/\" >\n\t\t\t\tWebinaire: Syst\u00e8mes alimentaires territoriaux\t\t\t<\/a>\n\t\t<\/h3>\n\t\t\t\t<div class=\"elementor-post__excerpt\">\n\t\t\t<p>Syst\u00e8mes alimentaires territoriaux pour une plus grande autonomie, r\u00e9silience et durabilit\u00e9 alimentaires Les syst\u00e8mes alimentaires territoriaux apparaissent comme une approche visant \u00e0 r\u00e9gionaliser les syst\u00e8mes<\/p>\n\t\t<\/div>\n\t\t\n\t\t<a class=\"elementor-post__read-more\" href=\"https:\/\/commongroundnetwork.ca\/fr\/2026\/03\/06\/webinaire-systemes-alimentaires-territoriaux\/\" aria-label=\"En savoir plus sur Webinaire: Syst\u00e8mes alimentaires territoriaux\" tabindex=\"-1\" >\n\t\t\tLire la suite \"\t\t<\/a>\n\n\t\t\t\t<\/div>\n\t\t\t\t<div class=\"elementor-post__meta-data\">\n\t\t\t\t\t<span class=\"elementor-post-date\">\n\t\t\t6 mars 2026\t\t<\/span>\n\t\t\t\t<span class=\"elementor-post-avatar\">\n\t\t\tAucun commentaire\t\t<\/span>\n\t\t\t\t<\/div>\n\t\t\t\t\t<\/div>\n\t\t<\/article>\n\t\t\t\t<article class=\"elementor-post elementor-grid-item post-1137 post type-post status-publish format-standard has-post-thumbnail hentry category-non-classifiee\" role=\"listitem\">\n\t\t\t<div class=\"elementor-post__card\">\n\t\t\t\t<a class=\"elementor-post__thumbnail__link\" href=\"https:\/\/commongroundnetwork.ca\/fr\/2025\/05\/17\/table-ronde-perspectives-critiques-au-sujet-de-zero-net-et-au-dela-de-zero-net-pour-les-systemes-agricoles-et-alimentaires-canadiens\/\" tabindex=\"-1\" ><div class=\"elementor-post__thumbnail\"><img fetchpriority=\"high\" decoding=\"async\" width=\"411\" height=\"390\" src=\"https:\/\/commongroundnetwork.ca\/wp-content\/uploads\/2025\/03\/table.png\" class=\"attachment-large size-large wp-image-1084\" alt=\"\" srcset=\"https:\/\/commongroundnetwork.ca\/wp-content\/uploads\/2025\/03\/table.png 411w, https:\/\/commongroundnetwork.ca\/wp-content\/uploads\/2025\/03\/table-300x285.png 300w\" sizes=\"(max-width: 411px) 100vw, 411px\" \/><\/div><\/a>\n\t\t\t\t<div class=\"elementor-post__text\">\n\t\t\t\t<h3 class=\"elementor-post__title\">\n\t\t\t<a href=\"https:\/\/commongroundnetwork.ca\/fr\/2025\/05\/17\/table-ronde-perspectives-critiques-au-sujet-de-zero-net-et-au-dela-de-zero-net-pour-les-systemes-agricoles-et-alimentaires-canadiens\/\" >\n\t\t\t\tTable ronde : Perspectives critiques au sujet de z\u00e9ro net et \u00ab au-del\u00e0 de z\u00e9ro net pour les syst\u00e8mes agricoles et alimentaires canadiens\t\t\t<\/a>\n\t\t<\/h3>\n\t\t\t\t<div class=\"elementor-post__excerpt\">\n\t\t\t<p>Jeudi 5 juin9-10h30 Lors de la conf\u00e9rence de l&rsquo; Association canadienne des \u00e9tudes sur l&rsquo;alimentation (du 2 au 5 juin 2025 au George Brown College<\/p>\n\t\t<\/div>\n\t\t\n\t\t<a class=\"elementor-post__read-more\" href=\"https:\/\/commongroundnetwork.ca\/fr\/2025\/05\/17\/table-ronde-perspectives-critiques-au-sujet-de-zero-net-et-au-dela-de-zero-net-pour-les-systemes-agricoles-et-alimentaires-canadiens\/\" aria-label=\"En savoir plus sur Table ronde : Perspectives critiques au sujet de z\u00e9ro net et \u00ab au-del\u00e0 de z\u00e9ro net pour les syst\u00e8mes agricoles et alimentaires canadiens\" tabindex=\"-1\" >\n\t\t\tLire la suite \"\t\t<\/a>\n\n\t\t\t\t<\/div>\n\t\t\t\t<div class=\"elementor-post__meta-data\">\n\t\t\t\t\t<span class=\"elementor-post-date\">\n\t\t\t17 mai 2025\t\t<\/span>\n\t\t\t\t<span class=\"elementor-post-avatar\">\n\t\t\tAucun commentaire\t\t<\/span>\n\t\t\t\t<\/div>\n\t\t\t\t\t<\/div>\n\t\t<\/article>\n\t\t\t\t<article class=\"elementor-post elementor-grid-item post-1213 post type-post status-publish format-standard hentry category-non-classifiee\" role=\"listitem\">\n\t\t\t<div class=\"elementor-post__card\">\n\t\t\t\t<div class=\"elementor-post__text\">\n\t\t\t\t<h3 class=\"elementor-post__title\">\n\t\t\t<a href=\"https:\/\/commongroundnetwork.ca\/fr\/2025\/05\/14\/enregistrement-du-webinaire-assurer-une-plus-grande-resilience-des-systemes-alimentaires-canadiens-pendant-une-guerre-commerciale\/\" >\n\t\t\t\tEnregistrement du webinaire : Assurer une plus grande r\u00e9silience des syst\u00e8mes alimentaires canadiens pendant une guerre commerciale\t\t\t<\/a>\n\t\t<\/h3>\n\t\t\t\t<div class=\"elementor-post__excerpt\">\n\t\t\t<p>Le r\u00e9seau Terrain d\u2019entente a organis\u00e9 une table ronde intitul\u00e9e \u00ab Assurer une plus grande r\u00e9silience des syst\u00e8mes alimentaires canadiens pendant une guerre commerciale \u00bb<\/p>\n\t\t<\/div>\n\t\t\n\t\t<a class=\"elementor-post__read-more\" href=\"https:\/\/commongroundnetwork.ca\/fr\/2025\/05\/14\/enregistrement-du-webinaire-assurer-une-plus-grande-resilience-des-systemes-alimentaires-canadiens-pendant-une-guerre-commerciale\/\" aria-label=\"En savoir plus sur Enregistrement du webinaire : Assurer une plus grande r\u00e9silience des syst\u00e8mes alimentaires canadiens pendant une guerre commerciale\" tabindex=\"-1\" >\n\t\t\tLire la suite \"\t\t<\/a>\n\n\t\t\t\t<\/div>\n\t\t\t\t<div class=\"elementor-post__meta-data\">\n\t\t\t\t\t<span class=\"elementor-post-date\">\n\t\t\t14 mai 2025\t\t<\/span>\n\t\t\t\t<span class=\"elementor-post-avatar\">\n\t\t\tAucun commentaire\t\t<\/span>\n\t\t\t\t<\/div>\n\t\t\t\t\t<\/div>\n\t\t<\/article>\n\t\t\t\t<article class=\"elementor-post elementor-grid-item post-1139 post type-post status-publish format-standard has-post-thumbnail hentry category-non-classifiee\" role=\"listitem\">\n\t\t\t<div class=\"elementor-post__card\">\n\t\t\t\t<a class=\"elementor-post__thumbnail__link\" href=\"https:\/\/commongroundnetwork.ca\/fr\/2025\/03\/17\/table-ronde-garantir-une-plus-grande-resilience-des-systemes-alimentaires-canadiens-en-periode-de-guerre-commerciale\/\" tabindex=\"-1\" ><div class=\"elementor-post__thumbnail\"><img decoding=\"async\" width=\"800\" height=\"540\" src=\"https:\/\/commongroundnetwork.ca\/wp-content\/uploads\/2025\/03\/Promo-visual-ENFR-5-1024x691.png\" class=\"attachment-large size-large wp-image-1155\" alt=\"\" srcset=\"https:\/\/commongroundnetwork.ca\/wp-content\/uploads\/2025\/03\/Promo-visual-ENFR-5-1024x691.png 1024w, https:\/\/commongroundnetwork.ca\/wp-content\/uploads\/2025\/03\/Promo-visual-ENFR-5-300x202.png 300w, https:\/\/commongroundnetwork.ca\/wp-content\/uploads\/2025\/03\/Promo-visual-ENFR-5-768x518.png 768w, https:\/\/commongroundnetwork.ca\/wp-content\/uploads\/2025\/03\/Promo-visual-ENFR-5-1536x1036.png 1536w, https:\/\/commongroundnetwork.ca\/wp-content\/uploads\/2025\/03\/Promo-visual-ENFR-5-2048x1381.png 2048w\" sizes=\"(max-width: 800px) 100vw, 800px\" \/><\/div><\/a>\n\t\t\t\t<div class=\"elementor-post__text\">\n\t\t\t\t<h3 class=\"elementor-post__title\">\n\t\t\t<a href=\"https:\/\/commongroundnetwork.ca\/fr\/2025\/03\/17\/table-ronde-garantir-une-plus-grande-resilience-des-systemes-alimentaires-canadiens-en-periode-de-guerre-commerciale\/\" >\n\t\t\t\tTable ronde: Garantir une plus grande r\u00e9silience des syst\u00e8mes alimentaires canadiens en p\u00e9riode de guerre commerciale\t\t\t<\/a>\n\t\t<\/h3>\n\t\t\t\t<div class=\"elementor-post__excerpt\">\n\t\t\t<p>Mercredi 2 avril 15h-16h30 HNE Rejoignez-nous pour une discussion sur la fa\u00e7on dont nous pouvons travailler pour assurer une plus grande r\u00e9silience des syst\u00e8mes alimentaires<\/p>\n\t\t<\/div>\n\t\t\n\t\t<a class=\"elementor-post__read-more\" href=\"https:\/\/commongroundnetwork.ca\/fr\/2025\/03\/17\/table-ronde-garantir-une-plus-grande-resilience-des-systemes-alimentaires-canadiens-en-periode-de-guerre-commerciale\/\" aria-label=\"En savoir plus sur Table ronde: Garantir une plus grande r\u00e9silience des syst\u00e8mes alimentaires canadiens en p\u00e9riode de guerre commerciale\" tabindex=\"-1\" >\n\t\t\tLire la suite \"\t\t<\/a>\n\n\t\t\t\t<\/div>\n\t\t\t\t<div class=\"elementor-post__meta-data\">\n\t\t\t\t\t<span class=\"elementor-post-date\">\n\t\t\t17 mars 2025\t\t<\/span>\n\t\t\t\t<span class=\"elementor-post-avatar\">\n\t\t\tAucun commentaire\t\t<\/span>\n\t\t\t\t<\/div>\n\t\t\t\t\t<\/div>\n\t\t<\/article>\n\t\t\t\t<article class=\"elementor-post elementor-grid-item post-1135 post type-post status-publish format-standard has-post-thumbnail hentry category-non-classifiee\" role=\"listitem\">\n\t\t\t<div class=\"elementor-post__card\">\n\t\t\t\t<a class=\"elementor-post__thumbnail__link\" href=\"https:\/\/commongroundnetwork.ca\/fr\/2025\/03\/17\/parlons-politiques-tim-lang-centre-for-food-policy\/\" tabindex=\"-1\" ><div class=\"elementor-post__thumbnail\"><img decoding=\"async\" width=\"512\" height=\"287\" src=\"https:\/\/commongroundnetwork.ca\/wp-content\/uploads\/2025\/03\/unnamed-3.png\" class=\"attachment-large size-large wp-image-1078\" alt=\"\" srcset=\"https:\/\/commongroundnetwork.ca\/wp-content\/uploads\/2025\/03\/unnamed-3.png 512w, https:\/\/commongroundnetwork.ca\/wp-content\/uploads\/2025\/03\/unnamed-3-300x168.png 300w\" sizes=\"(max-width: 512px) 100vw, 512px\" \/><\/div><\/a>\n\t\t\t\t<div class=\"elementor-post__text\">\n\t\t\t\t<h3 class=\"elementor-post__title\">\n\t\t\t<a href=\"https:\/\/commongroundnetwork.ca\/fr\/2025\/03\/17\/parlons-politiques-tim-lang-centre-for-food-policy\/\" >\n\t\t\t\tParlons politiques \u2013 Tim Lang, Centre for Food Policy\t\t\t<\/a>\n\t\t<\/h3>\n\t\t\t\t<div class=\"elementor-post__excerpt\">\n\t\t\t<p>En temps de choc : pourquoi la r\u00e9silience, la d\u00e9fense et la d\u00e9mocratie aident \u00e0 repenser les syst\u00e8mes alimentaires. Les membres du R\u00e9seau terrain d\u2019entente<\/p>\n\t\t<\/div>\n\t\t\n\t\t<a class=\"elementor-post__read-more\" href=\"https:\/\/commongroundnetwork.ca\/fr\/2025\/03\/17\/parlons-politiques-tim-lang-centre-for-food-policy\/\" aria-label=\"En savoir plus sur Parlons politiques \u2013 Tim Lang, Centre for Food Policy\" tabindex=\"-1\" >\n\t\t\tLire la suite \"\t\t<\/a>\n\n\t\t\t\t<\/div>\n\t\t\t\t<div class=\"elementor-post__meta-data\">\n\t\t\t\t\t<span class=\"elementor-post-date\">\n\t\t\t17 mars 2025\t\t<\/span>\n\t\t\t\t<span class=\"elementor-post-avatar\">\n\t\t\tAucun commentaire\t\t<\/span>\n\t\t\t\t<\/div>\n\t\t\t\t\t<\/div>\n\t\t<\/article>\n\t\t\t\t<article class=\"elementor-post elementor-grid-item post-1133 post type-post status-publish format-standard has-post-thumbnail hentry category-non-classifiee\" role=\"listitem\">\n\t\t\t<div class=\"elementor-post__card\">\n\t\t\t\t<a class=\"elementor-post__thumbnail__link\" href=\"https:\/\/commongroundnetwork.ca\/fr\/2025\/03\/17\/166-membres-du-reseau-ont-participe-a-lenquete\/\" tabindex=\"-1\" ><div class=\"elementor-post__thumbnail\"><img loading=\"lazy\" decoding=\"async\" width=\"424\" height=\"418\" src=\"https:\/\/commongroundnetwork.ca\/wp-content\/uploads\/2025\/03\/Survey.png\" class=\"attachment-large size-large wp-image-1058\" alt=\"\" srcset=\"https:\/\/commongroundnetwork.ca\/wp-content\/uploads\/2025\/03\/Survey.png 424w, https:\/\/commongroundnetwork.ca\/wp-content\/uploads\/2025\/03\/Survey-300x296.png 300w\" sizes=\"(max-width: 424px) 100vw, 424px\" \/><\/div><\/a>\n\t\t\t\t<div class=\"elementor-post__text\">\n\t\t\t\t<h3 class=\"elementor-post__title\">\n\t\t\t<a href=\"https:\/\/commongroundnetwork.ca\/fr\/2025\/03\/17\/166-membres-du-reseau-ont-participe-a-lenquete\/\" >\n\t\t\t\t166 membres du r\u00e9seau ont particip\u00e9 \u00e0 l\u2019enqu\u00eate!\t\t\t<\/a>\n\t\t<\/h3>\n\t\t\t\t<div class=\"elementor-post__excerpt\">\n\t\t\t<p>\u00c0 l&rsquo;automne 2024, le R\u00e9seau terrain d\u2019entente a lanc\u00e9 une enqu\u00eate pour aller au-del\u00e0 des liens existants des membres et identifier les chercheurs et les<\/p>\n\t\t<\/div>\n\t\t\n\t\t<a class=\"elementor-post__read-more\" href=\"https:\/\/commongroundnetwork.ca\/fr\/2025\/03\/17\/166-membres-du-reseau-ont-participe-a-lenquete\/\" aria-label=\"En savoir plus sur 166 membres du r\u00e9seau ont particip\u00e9 \u00e0 l\u2019enqu\u00eate!\" tabindex=\"-1\" >\n\t\t\tLire la suite \"\t\t<\/a>\n\n\t\t\t\t<\/div>\n\t\t\t\t<div class=\"elementor-post__meta-data\">\n\t\t\t\t\t<span class=\"elementor-post-date\">\n\t\t\t17 mars 2025\t\t<\/span>\n\t\t\t\t<span class=\"elementor-post-avatar\">\n\t\t\tAucun commentaire\t\t<\/span>\n\t\t\t\t<\/div>\n\t\t\t\t\t<\/div>\n\t\t<\/article>\n\t\t\t\t<article class=\"elementor-post elementor-grid-item post-1129 post type-post status-publish format-standard has-post-thumbnail hentry category-non-classifiee\" role=\"listitem\">\n\t\t\t<div class=\"elementor-post__card\">\n\t\t\t\t<a class=\"elementor-post__thumbnail__link\" href=\"https:\/\/commongroundnetwork.ca\/fr\/2025\/03\/17\/annonce-du-financement-du-reseau-terrain-dentente\/\" tabindex=\"-1\" ><div class=\"elementor-post__thumbnail\"><img loading=\"lazy\" decoding=\"async\" width=\"500\" height=\"500\" src=\"https:\/\/commongroundnetwork.ca\/wp-content\/uploads\/2025\/03\/CG-Logo-Bilingual-Transparent-1.png\" class=\"attachment-large size-large wp-image-957\" alt=\"Terrain d&#039;entente\" srcset=\"https:\/\/commongroundnetwork.ca\/wp-content\/uploads\/2025\/03\/CG-Logo-Bilingual-Transparent-1.png 500w, https:\/\/commongroundnetwork.ca\/wp-content\/uploads\/2025\/03\/CG-Logo-Bilingual-Transparent-1-300x300.png 300w, https:\/\/commongroundnetwork.ca\/wp-content\/uploads\/2025\/03\/CG-Logo-Bilingual-Transparent-1-150x150.png 150w\" sizes=\"(max-width: 500px) 100vw, 500px\" \/><\/div><\/a>\n\t\t\t\t<div class=\"elementor-post__text\">\n\t\t\t\t<h3 class=\"elementor-post__title\">\n\t\t\t<a href=\"https:\/\/commongroundnetwork.ca\/fr\/2025\/03\/17\/annonce-du-financement-du-reseau-terrain-dentente\/\" >\n\t\t\t\tAnnonce du financement du R\u00e9seau terrain d\u2019entente!\t\t\t<\/a>\n\t\t<\/h3>\n\t\t\t\t<div class=\"elementor-post__excerpt\">\n\t\t\t<p>Lanc\u00e9 \u00e0 l&rsquo;automne 2024, ce nouveau r\u00e9seau sera financ\u00e9 \u00e0 hauteur de 1,93 million de dollars pour cinq ans par le Conseil de recherches en<\/p>\n\t\t<\/div>\n\t\t\n\t\t<a class=\"elementor-post__read-more\" href=\"https:\/\/commongroundnetwork.ca\/fr\/2025\/03\/17\/annonce-du-financement-du-reseau-terrain-dentente\/\" aria-label=\"En savoir plus sur Annonce du financement du R\u00e9seau terrain d\u2019entente!\" tabindex=\"-1\" >\n\t\t\tLire la suite \"\t\t<\/a>\n\n\t\t\t\t<\/div>\n\t\t\t\t<div class=\"elementor-post__meta-data\">\n\t\t\t\t\t<span class=\"elementor-post-date\">\n\t\t\t17 mars 2025\t\t<\/span>\n\t\t\t\t<span class=\"elementor-post-avatar\">\n\t\t\tAucun commentaire\t\t<\/span>\n\t\t\t\t<\/div>\n\t\t\t\t\t<\/div>\n\t\t<\/article>\n\t\t\t\t<\/div>\n\t\t\n\t\t\t\t\t\t<\/div>\n\t\t\t\t<\/div>\n\t\t\t\t\t<\/div>\n\t\t\t\t<\/div>\n\t\t<div class=\"elementor-element elementor-element-10ccdc3 e-flex e-con-boxed e-con e-parent\" data-id=\"10ccdc3\" data-element_type=\"container\" data-e-type=\"container\">\n\t\t\t\t\t<div class=\"e-con-inner\">\n\t\t\t\t<div class=\"elementor-element elementor-element-7091333 elementor-widget elementor-widget-spacer\" data-id=\"7091333\" data-element_type=\"widget\" data-e-type=\"widget\" data-widget_type=\"spacer.default\">\n\t\t\t\t<div class=\"elementor-widget-container\">\n\t\t\t\t\t\t\t<div class=\"elementor-spacer\">\n\t\t\t<div class=\"elementor-spacer-inner\"><\/div>\n\t\t<\/div>\n\t\t\t\t\t\t<\/div>\n\t\t\t\t<\/div>\n\t\t\t\t\t<\/div>\n\t\t\t\t<\/div>\n\t\t\t\t<\/div>\n\t\t","protected":false},"excerpt":{"rendered":"","protected":false},"author":4,"featured_media":0,"parent":0,"menu_order":0,"comment_status":"closed","ping_status":"closed","template":"","meta":{"footnotes":""},"class_list":["post-1141","page","type-page","status-publish","hentry"],"_links":{"self":[{"href":"https:\/\/commongroundnetwork.ca\/fr\/wp-json\/wp\/v2\/pages\/1141","targetHints":{"allow":["GET"]}}],"collection":[{"href":"https:\/\/commongroundnetwork.ca\/fr\/wp-json\/wp\/v2\/pages"}],"about":[{"href":"https:\/\/commongroundnetwork.ca\/fr\/wp-json\/wp\/v2\/types\/page"}],"author":[{"embeddable":true,"href":"https:\/\/commongroundnetwork.ca\/fr\/wp-json\/wp\/v2\/users\/4"}],"replies":[{"embeddable":true,"href":"https:\/\/commongroundnetwork.ca\/fr\/wp-json\/wp\/v2\/comments?post=1141"}],"version-history":[{"count":2,"href":"https:\/\/commongroundnetwork.ca\/fr\/wp-json\/wp\/v2\/pages\/1141\/revisions"}],"predecessor-version":[{"id":1153,"href":"https:\/\/commongroundnetwork.ca\/fr\/wp-json\/wp\/v2\/pages\/1141\/revisions\/1153"}],"wp:attachment":[{"href":"https:\/\/commongroundnetwork.ca\/fr\/wp-json\/wp\/v2\/media?parent=1141"}],"curies":[{"name":"wp","href":"https:\/\/api.w.org\/{rel}","templated":true}]}}