{"id":444,"date":"2024-09-05T01:28:21","date_gmt":"2024-09-05T01:28:21","guid":{"rendered":"https:\/\/commongroundnetwork.ca\/reserve-aux-membres\/"},"modified":"2026-03-27T13:54:25","modified_gmt":"2026-03-27T13:54:25","slug":"reserve-aux-membres","status":"publish","type":"page","link":"https:\/\/commongroundnetwork.ca\/fr\/reserve-aux-membres\/","title":{"rendered":"R\u00e9serv\u00e9 aux membres"},"content":{"rendered":"\t\t<div data-elementor-type=\"wp-page\" data-elementor-id=\"444\" class=\"elementor elementor-444 elementor-368\" data-elementor-post-type=\"page\">\n\t\t\t\t<div class=\"elementor-element elementor-element-05a16fa e-flex e-con-boxed e-con e-parent\" data-id=\"05a16fa\" data-element_type=\"container\" data-e-type=\"container\">\n\t\t\t\t\t<div class=\"e-con-inner\">\n\t\t\t\t<div class=\"elementor-element elementor-element-a37d67c elementor-widget elementor-widget-spacer\" data-id=\"a37d67c\" data-element_type=\"widget\" data-e-type=\"widget\" data-widget_type=\"spacer.default\">\n\t\t\t\t<div class=\"elementor-widget-container\">\n\t\t\t\t\t\t\t<div class=\"elementor-spacer\">\n\t\t\t<div class=\"elementor-spacer-inner\"><\/div>\n\t\t<\/div>\n\t\t\t\t\t\t<\/div>\n\t\t\t\t<\/div>\n\t\t\t\t<div class=\"elementor-element elementor-element-5330da7 elementor-widget elementor-widget-button\" data-id=\"5330da7\" data-element_type=\"widget\" data-e-type=\"widget\" data-widget_type=\"button.default\">\n\t\t\t\t<div class=\"elementor-widget-container\">\n\t\t\t\t\t\t\t\t\t<div class=\"elementor-button-wrapper\">\n\t\t\t\t\t<a class=\"elementor-button elementor-button-link elementor-size-sm\" href=\"https:\/\/formembersonly.ca\/\" target=\"_blank\">\n\t\t\t\t\t\t<span class=\"elementor-button-content-wrapper\">\n\t\t\t\t\t\t\t\t\t<span class=\"elementor-button-text\">Connexion des membres<\/span>\n\t\t\t\t\t<\/span>\n\t\t\t\t\t<\/a>\n\t\t\t\t<\/div>\n\t\t\t\t\t\t\t\t<\/div>\n\t\t\t\t<\/div>\n\t\t\t\t<div class=\"elementor-element elementor-element-decd00c elementor-widget elementor-widget-text-editor\" data-id=\"decd00c\" data-element_type=\"widget\" data-e-type=\"widget\" data-widget_type=\"text-editor.default\">\n\t\t\t\t<div class=\"elementor-widget-container\">\n\t\t\t\t\t\t\t\t\t<p>Cette section est r\u00e9serv\u00e9e aux membres. <br>Pour devenir membre, veuillez consulter la rubrique <a href=\"https:\/\/commongroundnetwork.ca\/fr\/participez\/\">S&rsquo;impliquer.<\/a><\/p><p><strong>Les bases de donn\u00e9es suivantes seront accessibles \u00e0 tous les membres de Common Ground dans cette section r\u00e9serv\u00e9e aux membres, ainsi que d&rsquo;autres ressources d\u00e9velopp\u00e9es.<\/strong><\/p><h5><strong>Base de donn\u00e9es acad\u00e9mique Common Ground<\/strong><\/h5><p>Ce projet vise \u00e0 maintenir une base de donn\u00e9es compl\u00e8te et consultable de chercheurs utilisant des approches en sciences humaines (que ce soit dans ou en dehors d&rsquo;une discipline des sciences humaines) dans la recherche sur les syst\u00e8mes alimentaires.<\/p><p>L&rsquo;accent est mis sur les chercheurs qui s&rsquo;int\u00e9ressent aux aspects sociaux et relationnels des transitions de l&rsquo;agriculture, de la p\u00eache et des syst\u00e8mes alimentaires vers une \u00e9conomie nette z\u00e9ro.<\/p><p>L&rsquo;inventaire sera utilis\u00e9 pour :<\/p><ul><li>Faciliter le dialogue, les tables rondes et la recherche en collaboration entre les r\u00e9gions et les disciplines<\/li><li>Valoriser l&rsquo;expertise et le travail en sciences sociales et humaines<\/li><li>D\u00e9velopper un service de demande d&rsquo;expertise\/point de contact pour tous les niveaux de gouvernement et les ONG d&rsquo;un bout \u00e0 l&rsquo;autre du pays.<\/li><li>Recueillir et partager des articles, des rapports et des livres pour \u00e9tayer l&rsquo;analyse<\/li><\/ul>\t\t\t\t\t\t\t\t<\/div>\n\t\t\t\t<\/div>\n\t\t\t\t<div class=\"elementor-element elementor-element-d2b497b elementor-widget elementor-widget-text-editor\" data-id=\"d2b497b\" data-element_type=\"widget\" data-e-type=\"widget\" data-widget_type=\"text-editor.default\">\n\t\t\t\t<div class=\"elementor-widget-container\">\n\t\t\t\t\t\t\t\t\t<h5><strong>Base de donn\u00e9es communautaire<\/strong><\/h5><p>Une base de donn\u00e9es d&rsquo;un oc\u00e9an \u00e0 l&rsquo;autre sur les acteurs \u00e0 but non lucratif, les projets et la recherche communautaire, \u00e9labor\u00e9e par le <a href=\"https:\/\/fcn-rcn.ca\/\" target=\"_blank\" rel=\"noopener\">R\u00e9seau Communaut\u00e9s Nourrici\u00e8res<\/a> (RCN), sera mise \u00e0 la disposition de tous les membres de Common Ground.<\/p>\t\t\t\t\t\t\t\t<\/div>\n\t\t\t\t<\/div>\n\t\t\t\t<div class=\"elementor-element elementor-element-e7c3086 elementor-widget elementor-widget-spacer\" data-id=\"e7c3086\" data-element_type=\"widget\" data-e-type=\"widget\" data-widget_type=\"spacer.default\">\n\t\t\t\t<div class=\"elementor-widget-container\">\n\t\t\t\t\t\t\t<div class=\"elementor-spacer\">\n\t\t\t<div class=\"elementor-spacer-inner\"><\/div>\n\t\t<\/div>\n\t\t\t\t\t\t<\/div>\n\t\t\t\t<\/div>\n\t\t\t\t\t<\/div>\n\t\t\t\t<\/div>\n\t\t\t\t<\/div>\n\t\t","protected":false},"excerpt":{"rendered":"<p>Connexion des membres Cette section est r\u00e9serv\u00e9e aux membres. Pour devenir membre, veuillez consulter la rubrique S&rsquo;impliquer. Les bases de donn\u00e9es suivantes seront accessibles \u00e0 tous les membres de Common Ground dans cette section r\u00e9serv\u00e9e aux membres, ainsi que d&rsquo;autres ressources d\u00e9velopp\u00e9es. Base de donn\u00e9es acad\u00e9mique Common Ground Ce projet vise \u00e0 maintenir une base [&hellip;]<\/p>\n","protected":false},"author":1,"featured_media":0,"parent":0,"menu_order":0,"comment_status":"closed","ping_status":"closed","template":"","meta":{"footnotes":""},"class_list":["post-444","page","type-page","status-publish","hentry"],"_links":{"self":[{"href":"https:\/\/commongroundnetwork.ca\/fr\/wp-json\/wp\/v2\/pages\/444","targetHints":{"allow":["GET"]}}],"collection":[{"href":"https:\/\/commongroundnetwork.ca\/fr\/wp-json\/wp\/v2\/pages"}],"about":[{"href":"https:\/\/commongroundnetwork.ca\/fr\/wp-json\/wp\/v2\/types\/page"}],"author":[{"embeddable":true,"href":"https:\/\/commongroundnetwork.ca\/fr\/wp-json\/wp\/v2\/users\/1"}],"replies":[{"embeddable":true,"href":"https:\/\/commongroundnetwork.ca\/fr\/wp-json\/wp\/v2\/comments?post=444"}],"version-history":[{"count":8,"href":"https:\/\/commongroundnetwork.ca\/fr\/wp-json\/wp\/v2\/pages\/444\/revisions"}],"predecessor-version":[{"id":1436,"href":"https:\/\/commongroundnetwork.ca\/fr\/wp-json\/wp\/v2\/pages\/444\/revisions\/1436"}],"wp:attachment":[{"href":"https:\/\/commongroundnetwork.ca\/fr\/wp-json\/wp\/v2\/media?parent=444"}],"curies":[{"name":"wp","href":"https:\/\/api.w.org\/{rel}","templated":true}]}}