{"id":794,"date":"2024-07-14T20:42:29","date_gmt":"2024-07-14T20:42:29","guid":{"rendered":"https:\/\/commongroundnetwork.ca\/participez\/"},"modified":"2025-06-17T15:36:24","modified_gmt":"2025-06-17T15:36:24","slug":"participez","status":"publish","type":"page","link":"https:\/\/commongroundnetwork.ca\/fr\/participez\/","title":{"rendered":"Participez"},"content":{"rendered":"\t\t<div data-elementor-type=\"wp-page\" data-elementor-id=\"794\" class=\"elementor elementor-794 elementor-16\" data-elementor-post-type=\"page\">\n\t\t\t\t<div class=\"elementor-element elementor-element-0ad40f2 e-flex e-con-boxed e-con e-parent\" data-id=\"0ad40f2\" data-element_type=\"container\" data-e-type=\"container\">\n\t\t\t\t\t<div class=\"e-con-inner\">\n\t\t\t\t<div class=\"elementor-element elementor-element-5d77c02 elementor-widget-divider--view-line elementor-widget elementor-widget-divider\" data-id=\"5d77c02\" data-element_type=\"widget\" data-e-type=\"widget\" data-widget_type=\"divider.default\">\n\t\t\t\t<div class=\"elementor-widget-container\">\n\t\t\t\t\t\t\t<div class=\"elementor-divider\">\n\t\t\t<span class=\"elementor-divider-separator\">\n\t\t\t\t\t\t<\/span>\n\t\t<\/div>\n\t\t\t\t\t\t<\/div>\n\t\t\t\t<\/div>\n\t\t\t\t<div class=\"elementor-element elementor-element-567f328 elementor-widget elementor-widget-heading\" data-id=\"567f328\" data-element_type=\"widget\" data-e-type=\"widget\" data-widget_type=\"heading.default\">\n\t\t\t\t<div class=\"elementor-widget-container\">\n\t\t\t\t\t<h2 class=\"elementor-heading-title elementor-size-default\">Pour les universitaires<\/h2>\t\t\t\t<\/div>\n\t\t\t\t<\/div>\n\t\t\t\t<div class=\"elementor-element elementor-element-20c9626 elementor-widget elementor-widget-text-editor\" data-id=\"20c9626\" data-element_type=\"widget\" data-e-type=\"widget\" data-widget_type=\"text-editor.default\">\n\t\t\t\t<div class=\"elementor-widget-container\">\n\t\t\t\t\t\t\t\t\t<p>Les membres acad\u00e9miques de Common Ground sont des universitaires qui :<\/p><ul><li>Ont obtenu une ma\u00eetrise et\/ou un doctorat (y compris tout sauf la dissertation)<\/li><li>Travaillent actuellement \u00e0 temps partiel ou \u00e0 temps plein dans un \u00e9tablissement universitaire ou de recherche canadien, vous \u00eates \u00e0 la recherche d\u2019un emploi dans un tel \u00e9tablissement ou vous avez pris votre retraite.<\/li><li>Ont men\u00e9 des recherches qui s\u2019alignent sur l\u2019hypoth\u00e8se de base de Common Ground et la font mieux comprendre : l\u2019agriculture et les syst\u00e8mes alimentaires durables existent en relation dynamique avec une multitude d\u2019autres syst\u00e8mes sociaux et structures tels que les relations \u00e9conomiques et politiques entre zones rurales et urbaines, les march\u00e9s du travail, le commerce, les in\u00e9galit\u00e9s sociales, les luttes pour la souverainet\u00e9, le transport, l'(im)migration, le climat, et bien plus encore.<\/li><li>Utilisent des approches ou des optiques de sciences sociales et\/ou humaines dans leur travail sur les syst\u00e8mes alimentaires.<\/li><\/ul>\t\t\t\t\t\t\t\t<\/div>\n\t\t\t\t<\/div>\n\t\t\t\t<div class=\"elementor-element elementor-element-9df20c4 elementor-widget elementor-widget-text-editor\" data-id=\"9df20c4\" data-element_type=\"widget\" data-e-type=\"widget\" data-widget_type=\"text-editor.default\">\n\t\t\t\t<div class=\"elementor-widget-container\">\n\t\t\t\t\t\t\t\t\t<p>L&rsquo;inventaire est ouvert aux personnes qui r\u00e9pondent aux crit\u00e8res ci-dessus :<\/p><ul><li>Les universitaires canadiens et autochtones qui travaillent dans une universit\u00e9 ou un institut de recherche au Canada ou \u00e0 l&rsquo;\u00e9tranger.<\/li><li>Chercheurs en sciences humaines et dans d&rsquo;autres disciplines.<\/li><\/ul>\t\t\t\t\t\t\t\t<\/div>\n\t\t\t\t<\/div>\n\t\t\t\t<div class=\"elementor-element elementor-element-5efaacf elementor-widget elementor-widget-text-editor\" data-id=\"5efaacf\" data-element_type=\"widget\" data-e-type=\"widget\" data-widget_type=\"text-editor.default\">\n\t\t\t\t<div class=\"elementor-widget-container\">\n\t\t\t\t\t\t\t\t\t<p>Les avantages de l&rsquo;adh\u00e9sion comprennent<\/p><ul><li>List\u00e9s dans la base de donn\u00e9es acad\u00e9mique r\u00e9serv\u00e9e aux membres par expertise<\/li><li>Acc\u00e8s \u00e0 la base de donn\u00e9es de chercheurs universitaires de Common Ground, consultable uniquement par les membres.<\/li><li>Acc\u00e8s \u00e0 la base de donn\u00e9es du R\u00e9seau des Communaut\u00e9s Alimentaires (Food Communities Network) sur les acteurs \u00e0 but non lucratif, les projets et la recherche communautaire.<\/li><li>Acc\u00e8s \u00e0 une base de donn\u00e9es de stagiaires (pour afficher et\/ou consulter les offres d&#8217;emploi pour les stages et les bourses post-doctorales)<\/li><li>Le bulletin d&rsquo;information Common Ground (les membres peuvent recevoir et contribuer \u00e0 des articles pertinents pour le r\u00e9seau). Environ 6 par an <\/li><li>Possibilit\u00e9s de participer \u00e0 des recherches collaboratives et \u00e0 des \u00e9v\u00e9nements dans des domaines d&rsquo;int\u00e9r\u00eat (voir Notre travail)<\/li><li>Possibilit\u00e9 d&rsquo;apporter une expertise sur des questions de sciences sociales et humaines provenant de tous les niveaux de gouvernement (y compris AAC, P\u00eache, Conseil national de l&rsquo;alimentation), d&rsquo;ONG travaillant \u00e0 tous les niveaux, et du secteur des entreprises.<\/li><\/ul>\t\t\t\t\t\t\t\t<\/div>\n\t\t\t\t<\/div>\n\t\t\t\t<div class=\"elementor-element elementor-element-9683fdb elementor-widget elementor-widget-text-editor\" data-id=\"9683fdb\" data-element_type=\"widget\" data-e-type=\"widget\" data-widget_type=\"text-editor.default\">\n\t\t\t\t<div class=\"elementor-widget-container\">\n\t\t\t\t\t\t\t\t\t<p>Pour devenir membre acad\u00e9mique, veuillez remplir <a href=\"https:\/\/docs.google.com\/forms\/d\/e\/1FAIpQLSfeIPWtazw_R-JsZWt4xQFxw46qUsBC8FVRlX5TlXfwZAFueA\/viewform?usp=header\" target=\"_blank\" rel=\"noopener\">ce questionnaire.<\/a><\/p>\t\t\t\t\t\t\t\t<\/div>\n\t\t\t\t<\/div>\n\t\t\t\t<div class=\"elementor-element elementor-element-72ab947 elementor-widget-divider--view-line elementor-widget elementor-widget-divider\" data-id=\"72ab947\" data-element_type=\"widget\" data-e-type=\"widget\" data-widget_type=\"divider.default\">\n\t\t\t\t<div class=\"elementor-widget-container\">\n\t\t\t\t\t\t\t<div class=\"elementor-divider\">\n\t\t\t<span class=\"elementor-divider-separator\">\n\t\t\t\t\t\t<\/span>\n\t\t<\/div>\n\t\t\t\t\t\t<\/div>\n\t\t\t\t<\/div>\n\t\t\t\t<div class=\"elementor-element elementor-element-63aa82d elementor-widget elementor-widget-heading\" data-id=\"63aa82d\" data-element_type=\"widget\" data-e-type=\"widget\" data-widget_type=\"heading.default\">\n\t\t\t\t<div class=\"elementor-widget-container\">\n\t\t\t\t\t<h2 class=\"elementor-heading-title elementor-size-default\">Pour les \u00e9tudiants<\/h2>\t\t\t\t<\/div>\n\t\t\t\t<\/div>\n\t\t\t\t<div class=\"elementor-element elementor-element-77d8419 elementor-widget elementor-widget-text-editor\" data-id=\"77d8419\" data-element_type=\"widget\" data-e-type=\"widget\" data-widget_type=\"text-editor.default\">\n\t\t\t\t<div class=\"elementor-widget-container\">\n\t\t\t\t\t\t\t\t\t<p>Des postes d&rsquo;assistants de recherche et de boursiers post-doctoraux seront disponibles au cours des cinq premi\u00e8res ann\u00e9es de ce r\u00e9seau. Ils seront publi\u00e9s dans cette section au fur et \u00e0 mesure qu&rsquo;ils se pr\u00e9senteront. (N&rsquo;envoyez pas de courrier \u00e9lectronique pour vous renseigner sur les postes \u00e0 pourvoir : ils seront publi\u00e9s ici d\u00e8s qu&rsquo;ils seront disponibles).  <\/p><p>Si vous \u00eates un futur \u00e9tudiant dipl\u00f4m\u00e9 int\u00e9ress\u00e9 par les syst\u00e8mes alimentaires et que vous cherchez un superviseur universitaire dans le domaine des sciences sociales ou humaines, n&rsquo;h\u00e9sitez pas \u00e0 nous contacter et nous pourrons vous proposer des suggestions.<\/p><p>Si vous \u00eates int\u00e9ress\u00e9 par un travail r\u00e9mun\u00e9r\u00e9 au sein de la communaut\u00e9, veuillez consulter le site <a href=\"https:\/\/www.foodwork.ca\/\" target=\"_blank\" rel=\"noopener\">Foodwork.ca.<\/a><\/p>\t\t\t\t\t\t\t\t<\/div>\n\t\t\t\t<\/div>\n\t\t\t\t<div class=\"elementor-element elementor-element-ae72669 elementor-widget-divider--view-line elementor-widget elementor-widget-divider\" data-id=\"ae72669\" data-element_type=\"widget\" data-e-type=\"widget\" data-widget_type=\"divider.default\">\n\t\t\t\t<div class=\"elementor-widget-container\">\n\t\t\t\t\t\t\t<div class=\"elementor-divider\">\n\t\t\t<span class=\"elementor-divider-separator\">\n\t\t\t\t\t\t<\/span>\n\t\t<\/div>\n\t\t\t\t\t\t<\/div>\n\t\t\t\t<\/div>\n\t\t\t\t<div class=\"elementor-element elementor-element-639d148 elementor-widget elementor-widget-heading\" data-id=\"639d148\" data-element_type=\"widget\" data-e-type=\"widget\" data-widget_type=\"heading.default\">\n\t\t\t\t<div class=\"elementor-widget-container\">\n\t\t\t\t\t<h2 class=\"elementor-heading-title elementor-size-default\">Pour les organisations \u00e0 but non lucratif<\/h2>\t\t\t\t<\/div>\n\t\t\t\t<\/div>\n\t\t\t\t<div class=\"elementor-element elementor-element-7e489a9 elementor-widget elementor-widget-text-editor\" data-id=\"7e489a9\" data-element_type=\"widget\" data-e-type=\"widget\" data-widget_type=\"text-editor.default\">\n\t\t\t\t<div class=\"elementor-widget-container\">\n\t\t\t\t\t\t\t\t\t<p>Le r\u00e9seau Common Ground met en relation des organisations communautaires \u00e0 but non lucratif qui travaillent \u00e0 la transformation des syst\u00e8mes alimentaires avec des chercheurs universitaires qui peuvent s&rsquo;associer aux besoins de la communaut\u00e9 en mati\u00e8re de recherche ou les soutenir d&rsquo;une autre mani\u00e8re. Pour ce faire, nous nous appuyons sur notre propre partenariat avec le R\u00e9seau Communaut\u00e9s Nourrici\u00e8res (RCN), un r\u00e9seau de plus de 400 acteurs communautaires d&rsquo;un oc\u00e9an \u00e0 l&rsquo;autre qui travaillent activement \u00e0 l&rsquo;am\u00e9lioration des syst\u00e8mes alimentaires. Le RCCG et le RCN travaillent ensemble sur une vari\u00e9t\u00e9 d&rsquo;initiatives, tout en adaptant les opportunit\u00e9s et les communications \u00e0 nos membres respectifs afin que chacun re\u00e7oive les informations dont il a besoin.  <\/p>\t\t\t\t\t\t\t\t<\/div>\n\t\t\t\t<\/div>\n\t\t\t\t<div class=\"elementor-element elementor-element-8205d77 elementor-widget elementor-widget-text-editor\" data-id=\"8205d77\" data-element_type=\"widget\" data-e-type=\"widget\" data-widget_type=\"text-editor.default\">\n\t\t\t\t<div class=\"elementor-widget-container\">\n\t\t\t\t\t\t\t\t\t<p>Le FCN relie quatre groupes d\u2019acteurs principaux qui travaillent sur des solutions \u00e0 l\u2019\u00e9chelle de la communaut\u00e9 dans leurs villes\/municipalit\u00e9s\/villages\/r\u00e9gions, qu\u2019elles soient grandes, petites, rurales ou \u00e9loign\u00e9es :<\/p><ul><li>Groupes communautaires, \u00e0 but non lucratif et \u00e0 vocation sociale travaillant sur des questions plus larges li\u00e9es au syst\u00e8me alimentaire et\/ou \u00e0 la gouvernance<\/li><li>Groupes de politique alimentaire travaillant au niveau local (informels ou formels)<\/li><li>Groupes de jeunes sur la politique alimentaire (informels ou formels)<\/li><li>Les dirigeants et le personnel des gouvernements locaux (colons et autochtones)<\/li><li>Agents de sant\u00e9 publique<\/li><\/ul>\t\t\t\t\t\t\t\t<\/div>\n\t\t\t\t<\/div>\n\t\t\t\t<div class=\"elementor-element elementor-element-c0c4b84 elementor-widget elementor-widget-text-editor\" data-id=\"c0c4b84\" data-element_type=\"widget\" data-e-type=\"widget\" data-widget_type=\"text-editor.default\">\n\t\t\t\t<div class=\"elementor-widget-container\">\n\t\t\t\t\t\t\t\t\t<p>Si vous \u00eates une organisation \u00e0 but non lucratif qui travaille sur des solutions \u00e0 l&rsquo;\u00e9chelle de votre communaut\u00e9, ajoutez votre expertise et <a href=\"https:\/\/fcn-rcn.ca\/join\/\" target=\"_blank\" rel=\"noopener\">rejoignez le R\u00e9seau des Communaut\u00e9s Alimentaires<\/a>. L&rsquo;adh\u00e9sion au FCN vous donne acc\u00e8s \u00e0 l&rsquo;inventaire des experts universitaires du CGCN et vous tiendra inform\u00e9 des mises \u00e0 jour et des initiatives pertinentes du CGCN, en plus des avantages uniques de l&rsquo;adh\u00e9sion au FCN. <\/p>\t\t\t\t\t\t\t\t<\/div>\n\t\t\t\t<\/div>\n\t\t\t\t<div class=\"elementor-element elementor-element-67c0695 elementor-widget-divider--view-line elementor-widget elementor-widget-divider\" data-id=\"67c0695\" data-element_type=\"widget\" data-e-type=\"widget\" data-widget_type=\"divider.default\">\n\t\t\t\t<div class=\"elementor-widget-container\">\n\t\t\t\t\t\t\t<div class=\"elementor-divider\">\n\t\t\t<span class=\"elementor-divider-separator\">\n\t\t\t\t\t\t<\/span>\n\t\t<\/div>\n\t\t\t\t\t\t<\/div>\n\t\t\t\t<\/div>\n\t\t\t\t<div class=\"elementor-element elementor-element-ebe3a39 elementor-widget elementor-widget-heading\" data-id=\"ebe3a39\" data-element_type=\"widget\" data-e-type=\"widget\" data-widget_type=\"heading.default\">\n\t\t\t\t<div class=\"elementor-widget-container\">\n\t\t\t\t\t<h2 class=\"elementor-heading-title elementor-size-default\">Pour les gouvernements<\/h2>\t\t\t\t<\/div>\n\t\t\t\t<\/div>\n\t\t\t\t<div class=\"elementor-element elementor-element-5f15428 elementor-widget elementor-widget-text-editor\" data-id=\"5f15428\" data-element_type=\"widget\" data-e-type=\"widget\" data-widget_type=\"text-editor.default\">\n\t\t\t\t<div class=\"elementor-widget-container\">\n\t\t\t\t\t\t\t\t\t<p>Vous avez une question sur les syst\u00e8mes alimentaires qui vous pr\u00e9occupe ? Contactez Common Ground ! <\/p><p>Les gouvernements, quel que soit leur niveau, qu&rsquo;ils soient coloniaux ou autochtones, sont invit\u00e9s \u00e0 faire part au R\u00e9seau terrain d\u2019entente de leurs interrogations en mati\u00e8re de sciences sociales et humaines. Nous pouvons adresser votre question \u00e0 des centaines de chercheurs poss\u00e9dant l&rsquo;expertise n\u00e9cessaire pour vous aider \u00e0 y r\u00e9pondre. <\/p>\t\t\t\t\t\t\t\t<\/div>\n\t\t\t\t<\/div>\n\t\t\t\t<div class=\"elementor-element elementor-element-cfb2086 elementor-widget-divider--view-line elementor-widget elementor-widget-divider\" data-id=\"cfb2086\" data-element_type=\"widget\" data-e-type=\"widget\" data-widget_type=\"divider.default\">\n\t\t\t\t<div class=\"elementor-widget-container\">\n\t\t\t\t\t\t\t<div class=\"elementor-divider\">\n\t\t\t<span class=\"elementor-divider-separator\">\n\t\t\t\t\t\t<\/span>\n\t\t<\/div>\n\t\t\t\t\t\t<\/div>\n\t\t\t\t<\/div>\n\t\t\t\t<div class=\"elementor-element elementor-element-7c947f7 elementor-widget elementor-widget-spacer\" data-id=\"7c947f7\" data-element_type=\"widget\" data-e-type=\"widget\" data-widget_type=\"spacer.default\">\n\t\t\t\t<div class=\"elementor-widget-container\">\n\t\t\t\t\t\t\t<div class=\"elementor-spacer\">\n\t\t\t<div class=\"elementor-spacer-inner\"><\/div>\n\t\t<\/div>\n\t\t\t\t\t\t<\/div>\n\t\t\t\t<\/div>\n\t\t\t\t<div class=\"elementor-element elementor-element-663aef1 elementor-widget elementor-widget-spacer\" data-id=\"663aef1\" data-element_type=\"widget\" data-e-type=\"widget\" data-widget_type=\"spacer.default\">\n\t\t\t\t<div class=\"elementor-widget-container\">\n\t\t\t\t\t\t\t<div class=\"elementor-spacer\">\n\t\t\t<div class=\"elementor-spacer-inner\"><\/div>\n\t\t<\/div>\n\t\t\t\t\t\t<\/div>\n\t\t\t\t<\/div>\n\t\t\t\t<div class=\"elementor-element elementor-element-cdbf7b0 elementor-widget elementor-widget-spacer\" data-id=\"cdbf7b0\" data-element_type=\"widget\" data-e-type=\"widget\" data-widget_type=\"spacer.default\">\n\t\t\t\t<div class=\"elementor-widget-container\">\n\t\t\t\t\t\t\t<div class=\"elementor-spacer\">\n\t\t\t<div class=\"elementor-spacer-inner\"><\/div>\n\t\t<\/div>\n\t\t\t\t\t\t<\/div>\n\t\t\t\t<\/div>\n\t\t\t\t\t<\/div>\n\t\t\t\t<\/div>\n\t\t\t\t<\/div>\n\t\t","protected":false},"excerpt":{"rendered":"<p>Pour les universitaires Les membres acad\u00e9miques de Common Ground sont des universitaires qui : Ont obtenu une ma\u00eetrise et\/ou un doctorat (y compris tout sauf la dissertation) Travaillent actuellement \u00e0 temps partiel ou \u00e0 temps plein dans un \u00e9tablissement universitaire ou de recherche canadien, vous \u00eates \u00e0 la recherche d\u2019un emploi dans un tel \u00e9tablissement [&hellip;]<\/p>\n","protected":false},"author":1,"featured_media":0,"parent":0,"menu_order":0,"comment_status":"closed","ping_status":"closed","template":"","meta":{"footnotes":""},"class_list":["post-794","page","type-page","status-publish","hentry"],"_links":{"self":[{"href":"https:\/\/commongroundnetwork.ca\/fr\/wp-json\/wp\/v2\/pages\/794","targetHints":{"allow":["GET"]}}],"collection":[{"href":"https:\/\/commongroundnetwork.ca\/fr\/wp-json\/wp\/v2\/pages"}],"about":[{"href":"https:\/\/commongroundnetwork.ca\/fr\/wp-json\/wp\/v2\/types\/page"}],"author":[{"embeddable":true,"href":"https:\/\/commongroundnetwork.ca\/fr\/wp-json\/wp\/v2\/users\/1"}],"replies":[{"embeddable":true,"href":"https:\/\/commongroundnetwork.ca\/fr\/wp-json\/wp\/v2\/comments?post=794"}],"version-history":[{"count":8,"href":"https:\/\/commongroundnetwork.ca\/fr\/wp-json\/wp\/v2\/pages\/794\/revisions"}],"predecessor-version":[{"id":1262,"href":"https:\/\/commongroundnetwork.ca\/fr\/wp-json\/wp\/v2\/pages\/794\/revisions\/1262"}],"wp:attachment":[{"href":"https:\/\/commongroundnetwork.ca\/fr\/wp-json\/wp\/v2\/media?parent=794"}],"curies":[{"name":"wp","href":"https:\/\/api.w.org\/{rel}","templated":true}]}}